{"id":3035,"date":"2023-03-18T20:00:52","date_gmt":"2023-03-18T20:00:52","guid":{"rendered":"http:\/\/voyagesnascar2024.local\/?page_id=3035"},"modified":"2023-03-18T20:00:52","modified_gmt":"2023-03-18T20:00:52","slug":"7-a-propos","status":"publish","type":"page","link":"https:\/\/nascar.virginie-bitterlin.com\/?page_id=3035","title":{"rendered":"7. \u00c0 Propos (DONE)"},"content":{"rendered":"<div class=\"wpb-content-wrapper\"><p>[vc_row full_width=\u00a0\u00bbstretch_row\u00a0\u00bb conditional_render=\u00a0\u00bb%5B%7B%22value_role%22%3A%22administrator%22%7D%5D\u00a0\u00bb][vc_column]<h2 class=\"word-rotator slide  vc_custom_1723265218489 short mb-3\" style=\"font-size:32px;text-align:center;\" data-plugin-options=\"{'waittime': 2500, 'pauseOnHover': false}\"><span class=\"word-rotate-prefix\" style=\"font-weight:700;font-size:32px !important;\">\u00c0<\/span> <span class=\"word-rotator-items has-bg\" style=\"font-weight:700;color:#ffffff;background:#e10c32;\"><b class=\"active\">propos<\/b><\/span> <span class=\"word-rotate-suffix\" style=\"font-weight:700;font-size:32px !important;\">de...<\/span><\/h2>[vc_custom_heading text=\u00a0\u00bbQuand deux passions se rejoignent pour aider les autres passionn\u00e9(e)s !\u00a0\u00bb font_container=\u00a0\u00bbtag:h4|font_size:16.8|text_align:center|line_height:1&Prime; use_theme_fonts=\u00a0\u00bbyes\u00a0\u00bb css=\u00a0\u00bb.vc_custom_1731027443780{margin-bottom: 70px !important;}\u00a0\u00bb skin=\u00a0\u00bbprimary\u00a0\u00bb el_class=\u00a0\u00bbfont-weight-light text-uppercase\u00a0\u00bb][\/vc_column][\/vc_row][vc_row wrap_container=\u00a0\u00bbyes\u00a0\u00bb css=\u00a0\u00bb.vc_custom_1723269970980{padding-top: 50px !important;}\u00a0\u00bb el_class=\u00a0\u00bbbg-color-grey-scale-1 mb-0&Prime; conditional_render=\u00a0\u00bb%5B%7B%22value_role%22%3A%22administrator%22%7D%5D\u00a0\u00bb][vc_column width=\u00a0\u00bb1\/2&Prime; el_class=\u00a0\u00bbpt-5 pb-3&Prime;]<h2 class=\"word-rotator push  vc_custom_1731027655753 short mb-3\" style=\"font-size:25px;text-align:left;\" data-plugin-options=\"{'waittime': 2500, 'pauseOnHover': false}\"><span class=\"word-rotator-items has-bg\" style=\"font-weight:800;color:#ffffff;background:var(--porto-primary-color);\"><b class=\"active\">Qui <\/b><\/span> <span class=\"word-rotate-suffix\" style=\"font-weight:700;font-size:25px !important;\">suis-je ?<\/span><\/h2>[vc_column_text css=\u00a0\u00bb.vc_custom_1731027719019{margin-bottom: 0px !important;}\u00a0\u00bb]<em>Une passionn\u00e9e, tout simplement. De voyages et de NASCAR.<\/em><\/p>\n<p>Alors pourquoi ne pas construire quelque chose pour assembler les deux en m\u00eame temps et aider les fans \u00e0 aller voir une course de NASCAR aux \u00c9tats-Unis, comme j\u2019ai eu l\u2019a chance de le faire \u00e0 plusieurs reprises ?<\/p>\n<p>Apr\u00e8s trois voyages aux \u00c9tats-Unis o\u00f9 j\u2019ai pu assister \u00e0 quatre courses de NASCAR, puis trois ans \u00e0 vivre \u00e0 Nouvelle-Z\u00e9lande, j\u2019ai cr\u00e9\u00e9e\u00a0<i>Voyages NASCAR, <\/i>pour\u00a0partager ma passion pour ce sport et les voyages.<\/p>\n<p>Moi qui adore planifier des voyages, pourquoi ne pas le faire pour vous et vous \u00e9conomisez des heures de recherches ? \ud83d\ude09[\/vc_column_text][\/vc_column][vc_column width=\u00a0\u00bb1\/4&Prime;][vc_single_image image=\u00a0\u00bb4682&Prime; img_size=\u00a0\u00bbmedium\u00a0\u00bb alignment=\u00a0\u00bbcenter\u00a0\u00bb style=\u00a0\u00bbvc_box_shadow_border\u00a0\u00bb css=\u00a0\u00bb\u00a0\u00bb][vc_single_image image=\u00a0\u00bb4681&Prime; img_size=\u00a0\u00bbmedium\u00a0\u00bb alignment=\u00a0\u00bbcenter\u00a0\u00bb style=\u00a0\u00bbvc_box_shadow_border\u00a0\u00bb css=\u00a0\u00bb\u00a0\u00bb][\/vc_column][vc_column width=\u00a0\u00bb1\/4&Prime;][vc_single_image image=\u00a0\u00bb4680&Prime; img_size=\u00a0\u00bbmedium\u00a0\u00bb alignment=\u00a0\u00bbcenter\u00a0\u00bb style=\u00a0\u00bbvc_box_shadow_border\u00a0\u00bb css=\u00a0\u00bb\u00a0\u00bb][vc_single_image image=\u00a0\u00bb4683&Prime; img_size=\u00a0\u00bbmedium\u00a0\u00bb alignment=\u00a0\u00bbcenter\u00a0\u00bb style=\u00a0\u00bbvc_box_shadow_border\u00a0\u00bb css=\u00a0\u00bb\u00a0\u00bb][\/vc_column][\/vc_row][vc_row wrap_container=\u00a0\u00bbyes\u00a0\u00bb is_section=\u00a0\u00bbyes\u00a0\u00bb css=\u00a0\u00bb.vc_custom_1731027673400{padding-top: 50px !important;padding-bottom: 50px !important;background-color: #ffffff !important;}\u00a0\u00bb conditional_render=\u00a0\u00bb%5B%7B%22value_role%22%3A%22administrator%22%7D%5D\u00a0\u00bb][vc_column css=\u00a0\u00bb.vc_custom_1731027407789{background-color: #ffffff !important;}\u00a0\u00bb conditional_render=\u00a0\u00bb%5B%7B%22value_role%22%3A%22administrator%22%7D%5D\u00a0\u00bb]<h2 class=\"word-rotator push short mb-3\" style=\"font-size:25px;text-align:center;\" data-plugin-options=\"{'waittime': 2500, 'pauseOnHover': false}\"><span class=\"word-rotate-prefix\" style=\"font-weight:700;font-size:25px !important;\">Ma<\/span> <span class=\"word-rotator-items has-bg\" style=\"font-weight:800;color:#ffffff;background:var(--porto-primary-color);\"><b class=\"active\">motivation <\/b><\/span><\/h2>[\/vc_column][\/vc_row][vc_row no_padding=\u00a0\u00bbyes\u00a0\u00bb equal_height=\u00a0\u00bbyes\u00a0\u00bb content_placement=\u00a0\u00bbmiddle\u00a0\u00bb parallax=\u00a0\u00bbcontent-moving\u00a0\u00bb parallax_speed_bg=\u00a0\u00bb\u00a0\u00bb css=\u00a0\u00bb.vc_custom_1727141383528{padding-top: 0px !important;padding-right: 60px !important;padding-bottom: 40px !important;padding-left: 60px !important;background-color: #ffffff !important;}\u00a0\u00bb conditional_render=\u00a0\u00bb%5B%7B%22value_role%22%3A%22administrator%22%7D%5D\u00a0\u00bb][vc_column width=\u00a0\u00bb1\/3&Prime;]<div class=\"porto-sicon-box  wpb_custom_0e92401a26d6b1aa280dff722bcc6d26 style_1 top-icon\"><div class=\"porto-sicon-top\"><div class=\"porto-just-icon-wrapper porto-icon advanced\" style=\"color:#e10c32;border-style:solid;border-color:#e10c32;border-width:2px;width:56px;height:56px;line-height:56px;border-radius:56px;font-size:28px;\"><i class=\"fas fa-heart\"><\/i><\/div><\/div><div class=\"porto-sicon-header\"><h3 class=\"porto-sicon-title\" style=\"font-weight:700;font-size:15px;line-height:15px;\">PASSION<\/h3><p style=\"font-size:14px;line-height:27px;color:#4a505e;\">Encore plus depuis que j'ai assist\u00e9 \u00e0 ma premi\u00e8re course, c'\u00e9tait \u00e0 Dover en 2011. Un souvenir m\u00e9morable, qui devient addictif.<\/p><\/div> <!-- header --><\/div><!-- porto-sicon-box -->[\/vc_column][vc_column width=\u00a0\u00bb1\/3&Prime;]<div class=\"porto-sicon-box  wpb_custom_0e92401a26d6b1aa280dff722bcc6d26 style_1 top-icon\"><div class=\"porto-sicon-top\"><div class=\"porto-just-icon-wrapper porto-icon advanced\" style=\"color:#e10c32;border-style:solid;border-color:#e10c32;border-width:2px;width:56px;height:56px;line-height:56px;border-radius:56px;font-size:28px;\"><i class=\"fas fa-eye\"><\/i><\/div><\/div><div class=\"porto-sicon-header\"><h3 class=\"porto-sicon-title\" style=\"font-weight:700;font-size:15px;line-height:15px;\">EXP\u00c9RIENCE<\/h3><p style=\"font-size:14px;line-height:27px;color:#4a505e;\">J'ai assist\u00e9 \u00e0 quatre courses de NASCAR lors de mes pr\u00e9c\u00e9dents voyages : Dover, Richmond, Chicagoland et Las Vegas.<\/p><\/div> <!-- header --><\/div><!-- porto-sicon-box -->[\/vc_column][vc_column width=\u00a0\u00bb1\/3&Prime;]<div class=\"porto-sicon-box  wpb_custom_0e92401a26d6b1aa280dff722bcc6d26 style_1 top-icon\"><div class=\"porto-sicon-top\"><div class=\"porto-just-icon-wrapper porto-icon advanced\" style=\"color:#e10c32;border-style:solid;border-color:#e10c32;border-width:2px;width:56px;height:56px;line-height:56px;border-radius:56px;font-size:28px;\"><i class=\"fas fa-handshake\"><\/i><\/div><\/div><div class=\"porto-sicon-header\"><h3 class=\"porto-sicon-title\" style=\"font-weight:700;font-size:15px;line-height:15px;\">PARTAGE<\/h3><p style=\"font-size:14px;line-height:27px;color:#4a505e;\">L'envie de pouvoir aider d'autres personnes \u00e0 r\u00e9aliser un r\u00eave et un superbe voyage pour profiter de leur passion.<\/p><\/div> <!-- header --><\/div><!-- porto-sicon-box -->[\/vc_column][\/vc_row][vc_row wrap_container=\u00a0\u00bbyes\u00a0\u00bb is_section=\u00a0\u00bbyes\u00a0\u00bb css=\u00a0\u00bb.vc_custom_1731027794772{padding-top: 50px !important;padding-bottom: 50px !important;background-color: var(&#8211;porto-light-color) !important;}\u00a0\u00bb el_class=\u00a0\u00bbbg-color-grey-scale-1 mb-0&Prime; conditional_render=\u00a0\u00bb%5B%7B%22value_role%22%3A%22administrator%22%7D%5D\u00a0\u00bb][vc_column width=\u00a0\u00bb1\/2&Prime; el_class=\u00a0\u00bbpt-5 pb-3&Prime;]<h2 class=\"word-rotator push  vc_custom_1731027853919 short mb-3\" style=\"font-size:25px;text-align:left;\" data-plugin-options=\"{'waittime': 2500, 'pauseOnHover': false}\"><span class=\"word-rotator-items has-bg\" style=\"font-weight:800;color:var(--porto-light-color);background:#127cbf;\"><b class=\"active\">Virginie<\/b><\/span> <span class=\"word-rotate-suffix\" style=\"font-weight:500;font-size:25px !important;color:var(--porto-dark-color);\">Bitterlin<\/span><\/h2>[vc_column_text css=\u00a0\u00bb\u00a0\u00bb text_color=\u00a0\u00bbvar(&#8211;porto-dark-color)\u00a0\u00bb]\u00c0 c\u00f4t\u00e9 de ma passion pour les voyages et la NASCAR, j\u2019ai aussi la passion pour la photographie, notamment de paysages et de voie lact\u00e9e.<\/p>\n<p>J\u2019ai \u00e9galement cr\u00e9\u00e9e un site sur la ville de Washington, DC dont je suis tomb\u00e9e amoureuse lors de ma premi\u00e8re visite, en 2011.[\/vc_column_text][\/vc_column][vc_column width=\u00a0\u00bb1\/2&Prime;][vc_single_image image=\u00a0\u00bb4732&Prime; img_size=\u00a0\u00bblarge\u00a0\u00bb alignment=\u00a0\u00bbcenter\u00a0\u00bb style=\u00a0\u00bbvc_box_shadow_border\u00a0\u00bb css=\u00a0\u00bb.vc_custom_1723268798344{padding-top: 100px !important;}\u00a0\u00bb][\/vc_column][\/vc_row][vc_row wrap_container=\u00a0\u00bbyes\u00a0\u00bb is_section=\u00a0\u00bbyes\u00a0\u00bb css=\u00a0\u00bb.vc_custom_1731027935694{padding-top: 50px !important;padding-bottom: 50px !important;background-color: #ffffff !important;}\u00a0\u00bb conditional_render=\u00a0\u00bb%5B%7B%22value_role%22%3A%22administrator%22%7D%5D\u00a0\u00bb][vc_column width=\u00a0\u00bb1\/4&Prime; el_class=\u00a0\u00bbpt-5 pb-3&Prime; css=\u00a0\u00bb.vc_custom_1731027919847{background-color: #ffffff !important;}\u00a0\u00bb conditional_render=\u00a0\u00bb%5B%7B%22value_role%22%3A%22administrator%22%7D%5D\u00a0\u00bb][vc_single_image image=\u00a0\u00bb4739&Prime; img_size=\u00a0\u00bblarge\u00a0\u00bb alignment=\u00a0\u00bbcenter\u00a0\u00bb style=\u00a0\u00bbvc_box_shadow_border\u00a0\u00bb css=\u00a0\u00bb.vc_custom_1723270030404{padding-top: 0px !important;}\u00a0\u00bb]<div class=\"porto-sicon-box  wpb_custom_cfb8c39267309e928471c620f98437f4 style_1 default-icon\"><div class=\"porto-sicon-default\"><div class=\"porto-just-icon-wrapper porto-icon none\" style=\"color:#e10c32;font-size:16px;\"><i class=\"fas fa-envelope\"><\/i><\/div><\/div><div class=\"porto-sicon-header\"><a class=\"porto-sicon-box-link\" href=\"http:\/\/voyagesnascar2025.local\/contact\/\" title='8. Contact'><h3 class=\"porto-sicon-title\" style=\"\">Me contacter<\/h3><\/a><\/div> <!-- header --><\/div><!-- porto-sicon-box --><div class=\"porto-sicon-box  wpb_custom_cfb8c39267309e928471c620f98437f4 style_1 default-icon\"><div class=\"porto-sicon-default\"><div class=\"porto-just-icon-wrapper porto-icon none\" style=\"color:#e10c32;font-size:16px;\"><i class=\"fas fa-map-marker-alt\"><\/i><\/div><\/div><div class=\"porto-sicon-header\"><h3 class=\"porto-sicon-title\" style=\"\">Canada (pour l'instant...)<\/h3><\/div> <!-- header --><\/div><!-- porto-sicon-box --><div class=\"porto-sicon-box  wpb_custom_cfb8c39267309e928471c620f98437f4 style_1 default-icon\"><div class=\"porto-sicon-default\"><div class=\"porto-just-icon-wrapper porto-icon none\" style=\"color:#e10c32;font-size:16px;\"><i class=\"fas fa-camera-retro\"><\/i><\/div><\/div><div class=\"porto-sicon-header\"><a class=\"porto-sicon-box-link\" href=\"https:\/\/www.virginie-bitterlin.com\"><h3 class=\"porto-sicon-title\" style=\"\">Mon site photo<\/h3><\/a><\/div> <!-- header --><\/div><!-- porto-sicon-box --><div class=\"porto-sicon-box  wpb_custom_cfb8c39267309e928471c620f98437f4 style_1 default-icon\"><div class=\"porto-sicon-default\"><div class=\"porto-just-icon-wrapper porto-icon none\" style=\"color:#e10c32;font-size:16px;\"><i class=\"fas fa-pen-nib\"><\/i><\/div><\/div><div class=\"porto-sicon-header\"><a class=\"porto-sicon-box-link\" href=\"https:\/\/voyage.virginie-bitterlin.com\"><h3 class=\"porto-sicon-title\" style=\"\">Mes r\u00e9cits de voyage<\/h3><\/a><\/div> <!-- header --><\/div><!-- porto-sicon-box --><div class=\"porto-sicon-box  wpb_custom_cfb8c39267309e928471c620f98437f4 style_1 default-icon\"><div class=\"porto-sicon-default\"><div class=\"porto-just-icon-wrapper porto-icon none\" style=\"color:#e10c32;font-size:16px;\"><i class=\"fas fa-link\"><\/i><\/div><\/div><div class=\"porto-sicon-header\"><a class=\"porto-sicon-box-link\" href=\"https:\/\/www.visiting-washington.com\"><h3 class=\"porto-sicon-title\" style=\"\">Visiting Washington<\/h3><\/a><\/div> <!-- header --><\/div><!-- porto-sicon-box -->[\/vc_column][vc_column width=\u00a0\u00bb3\/4&Prime; css=\u00a0\u00bb.vc_custom_1731027902290{background-color: #ffffff !important;}\u00a0\u00bb conditional_render=\u00a0\u00bb%5B%7B%22value_role%22%3A%22administrator%22%7D%5D\u00a0\u00bb]<h2 class=\"word-rotator slide  vc_custom_1723270093152 short mb-3\" style=\"font-size:25px;text-align:left;\" data-plugin-options=\"{'waittime': 2500, 'pauseOnHover': false}\"><span class=\"word-rotate-prefix\" style=\"font-weight:700;font-size:25px !important;\">Mes<\/span> <span class=\"word-rotator-items has-bg\" style=\"font-weight:800;color:#0a0a0a;background:#ffffff;\"><b class=\"active\">voyages<\/b><\/span><\/h2>[vc_column_text css=\u00a0\u00bb\u00a0\u00bb]<b>2010\u00a0\u2013 <\/b>Un premier court s\u00e9jour de quelques jours dans la capitale anglaise, Londres.<\/p>\n<p><b> 2011 \u2013 <\/b>Un premier <a href=\"https:\/\/voyage.virginie-bitterlin.com\/voyages\/etats-unis-2011-2\/\">voyage aux \u00c9tats-Unis<\/a>, de deux semaines, entre New York et Washington, avec une journ\u00e9e \u00e0 Dover pour ma premi\u00e8re course de NASCAR.<\/p>\n<p><b> 2014 \u2013 <\/b>Je commence mon <a href=\"https:\/\/voyage.virginie-bitterlin.com\/voyages\/etats-unis-2014-1\/\">deuxi\u00e8me voyage aux \u00c9tats-Unis<\/a> en retournant \u00e0 Washington. Puis direction la Virginie (\u00e7a tombe bien !), la course de Richmond, avant de m\u2019envoler vers Chicago et l\u2019Iowa pour rencontrer de la parent\u00e9 (tr\u00e8s) \u00e9loign\u00e9e.<\/p>\n<p><b> 2016 \u2013<\/b> Escapade de quelques jours pour d\u00e9couvrir la capitale de la su\u00e8de, <a href=\"https:\/\/voyage.virginie-bitterlin.com\/voyages\/stockholm-2016-3\/\">Stockholm<\/a>. Une tr\u00e8s belle surprise !<\/p>\n<p><b> 2017 \u2013<\/b> D\u00e9couverte de l\u2019<a href=\"https:\/\/voyage.virginie-bitterlin.com\/voyages\/ecosse-2017-4\/\">\u00c9cosse<\/a> pendant un roadtrip d\u2019une dizaine de jours, pour laquelle j\u2019aurai un gros coup de foudre.<\/p>\n<p><b> 2017\u00a0\u2013 <\/b>Un voyage attendu depuis longtemps : les grands <a href=\"https:\/\/voyage.virginie-bitterlin.com\/voyages\/etats-unis-2017-5\/\">parcs de l\u2019ouest am\u00e9ricain<\/a> (Grand Canyon, Monument Valley\u2026) et avec une course de Truck Series \u00e0 Las Vegas.<\/p>\n<p><b> 2018 \u2013<\/b> Retour en <a href=\"https:\/\/voyage.virginie-bitterlin.com\/voyages\/ecosse-2018-6\/\">\u00c9cosse<\/a>, pour la faire d\u00e9couvrir \u00e0 mes parents et en profiter encore plus.<\/p>\n<p><b> 2018 \u2013\u00a0<\/b>La plus belle exp\u00e9rience de ma vie : partir en Nouvelle-Z\u00e9lande pour un PVT d\u2019un an. Au final, j\u2019y suis rest\u00e9e jusqu\u2019en 2022 ! Un coup de coeur encore plus grand que pour l\u2019\u00c9cosse.<\/p>\n<p><b> 2023 \u2013 <\/b>Un voyage de cinq mois \u00e0 travers le Canada et les \u00c9tats-unis avec mon fr\u00e8re et sa compagne, afin d&rsquo;entamer mon PVT au Canada.<\/p>\n<p><b>2024 \u2013 <\/b>Retour au Canada en Mars, o\u00f9 j&rsquo;ai pu travailler au centre d&rsquo;informations de Jasper dans les Rocheuses Canadiennes&#8230;. jusqu&rsquo;\u00e0 l&rsquo;incendie de Juillet.[\/vc_column_text][\/vc_column][\/vc_row]<\/p>\n<\/div>","protected":false},"excerpt":{"rendered":"<p>[vc_row full_width=\u00a0\u00bbstretch_row\u00a0\u00bb conditional_render=\u00a0\u00bb%5B%7B%22value_role%22%3A%22administrator%22%7D%5D\u00a0\u00bb][vc_column][vc_custom_heading text=\u00a0\u00bbQuand deux passions se rejoignent pour aider les autres passionn\u00e9(e)s !\u00a0\u00bb font_container=\u00a0\u00bbtag:h4|font_size:16.8|text_align:center|line_height:1&Prime; use_theme_fonts=\u00a0\u00bbyes\u00a0\u00bb css=\u00a0\u00bb.vc_custom_1731027443780{margin-bottom: 70px !important;}\u00a0\u00bb skin=\u00a0\u00bbprimary\u00a0\u00bb el_class=\u00a0\u00bbfont-weight-light text-uppercase\u00a0\u00bb][\/vc_column][\/vc_row][vc_row wrap_container=\u00a0\u00bbyes\u00a0\u00bb css=\u00a0\u00bb.vc_custom_1723269970980{padding-top: 50px !important;}\u00a0\u00bb el_class=\u00a0\u00bbbg-color-grey-scale-1 mb-0&Prime; conditional_render=\u00a0\u00bb%5B%7B%22value_role%22%3A%22administrator%22%7D%5D\u00a0\u00bb][vc_column width=\u00a0\u00bb1\/2&Prime; el_class=\u00a0\u00bbpt-5 pb-3&Prime;][vc_column_text css=\u00a0\u00bb.vc_custom_1731027719019{margin-bottom: 0px !important;}\u00a0\u00bb]Une passionn\u00e9e, tout simplement. De voyages et de NASCAR. Alors pourquoi ne pas construire quelque chose pour assembler les deux en [&hellip;]<\/p>\n","protected":false},"author":1,"featured_media":0,"parent":0,"menu_order":0,"comment_status":"closed","ping_status":"closed","template":"","meta":{"content-type":"","footnotes":""},"class_list":["post-3035","page","type-page","status-publish","hentry"],"_links":{"self":[{"href":"https:\/\/nascar.virginie-bitterlin.com\/index.php?rest_route=\/wp\/v2\/pages\/3035","targetHints":{"allow":["GET"]}}],"collection":[{"href":"https:\/\/nascar.virginie-bitterlin.com\/index.php?rest_route=\/wp\/v2\/pages"}],"about":[{"href":"https:\/\/nascar.virginie-bitterlin.com\/index.php?rest_route=\/wp\/v2\/types\/page"}],"author":[{"embeddable":true,"href":"https:\/\/nascar.virginie-bitterlin.com\/index.php?rest_route=\/wp\/v2\/users\/1"}],"replies":[{"embeddable":true,"href":"https:\/\/nascar.virginie-bitterlin.com\/index.php?rest_route=%2Fwp%2Fv2%2Fcomments&post=3035"}],"version-history":[{"count":0,"href":"https:\/\/nascar.virginie-bitterlin.com\/index.php?rest_route=\/wp\/v2\/pages\/3035\/revisions"}],"wp:attachment":[{"href":"https:\/\/nascar.virginie-bitterlin.com\/index.php?rest_route=%2Fwp%2Fv2%2Fmedia&parent=3035"}],"curies":[{"name":"wp","href":"https:\/\/api.w.org\/{rel}","templated":true}]}}