{"id":4636,"date":"2024-08-10T00:04:54","date_gmt":"2024-08-10T00:04:54","guid":{"rendered":"http:\/\/voyagesnascar2025.local\/?page_id=4636"},"modified":"2024-12-12T01:28:24","modified_gmt":"2024-12-12T01:28:24","slug":"1-accueil-lancement-2025","status":"publish","type":"page","link":"https:\/\/nascar.virginie-bitterlin.com\/","title":{"rendered":"1. Accueil (lancement 2025)"},"content":{"rendered":"<div class=\"wpb-content-wrapper\"><p>[vc_section conditional_render=\u00a0\u00bb%5B%7B%22value_role%22%3A%22administrator%22%7D%5D\u00a0\u00bb css=\u00a0\u00bb.vc_custom_1679662500703{background-color: #f1f0f0 !important;}\u00a0\u00bb][vc_row][vc_column width=\u00a0\u00bb1\/6&Prime;][\/vc_column][vc_column width=\u00a0\u00bb2\/3&Prime;][vc_cta h2=\u00a0\u00bbVous r\u00eavez d&rsquo;assister \u00e0 une course de NASCAR ?\u00a0\u00bb h4=\u00a0\u00bbVous n&rsquo;avez pas le temps de pr\u00e9parer votre voyage ?\u00a0\u00bb txt_align=\u00a0\u00bbcenter\u00a0\u00bb css=\u00a0\u00bb.vc_custom_1730253214336{background-color: #e5e5e5 !important;border-radius: 35px !important;border-color: var(&#8211;porto-secondary-color) !important;}\u00a0\u00bb]<\/p>\n<p style=\"text-align: center;\">Vous ne savez pas par o\u00f9 commencer vos recherches ?<span class=\"Apple-converted-space\"><strong> Vous \u00eates au bon endroit<\/strong>.<br \/>\n<\/span><\/p>\n<p style=\"text-align: center;\">Mon but est de vous aider \u00e0 <strong>r\u00e9aliser votre r\u00eave<\/strong>.<\/p>\n<p style=\"text-align: center;\">Comment ? Gr\u00e2ce aux <a href=\"http:\/\/voyagesnascar2025.local\/3-nos-voyages-nascar-a-venir\/\"><strong>roadbooks pr\u00eats \u00e0 l&#8217;emploi<\/strong><\/a> !<\/p>\n<p>[\/vc_cta][\/vc_column][vc_column width=\u00a0\u00bb1\/6&Prime;][\/vc_column][\/vc_row][vc_row conditional_render=\u00a0\u00bb%5B%7B%22value_role%22%3A%22administrator%22%7D%5D\u00a0\u00bb][vc_column conditional_render=\u00a0\u00bb%5B%7B%22value_role%22%3A%22administrator%22%7D%5D\u00a0\u00bb css=\u00a0\u00bb.vc_custom_1733965556545{padding-top: 40px !important;padding-right: 0px !important;padding-bottom: 40px !important;padding-left: 0px !important;background-image: url(https:\/\/nascar.virginie-bitterlin.com\/wp-content\/uploads\/2024\/11\/IMG_5048_LR.jpg?id=6607) !important;background-position: center !important;background-repeat: no-repeat !important;background-size: cover !important;}\u00a0\u00bb][vc_row_inner][vc_column_inner][vc_custom_heading text=\u00a0\u00bbNe manquez pas l&rsquo;ouverture !\u00a0\u00bb font_container=\u00a0\u00bbtag:h2|text_align:center|color:%23fed563&Prime; use_theme_fonts=\u00a0\u00bbyes\u00a0\u00bb][vc_custom_heading text=\u00a0\u00bbRecevez gratuitement un premier PDF d&rsquo;informations\u00a0\u00bb font_container=\u00a0\u00bbtag:h2|text_align:center|color:var(&#8211;porto-light-color)\u00a0\u00bb use_theme_fonts=\u00a0\u00bbyes\u00a0\u00bb][\/vc_column_inner][\/vc_row_inner][vc_row_inner][vc_column_inner width=\u00a0\u00bb1\/6&Prime;][\/vc_column_inner][vc_column_inner width=\u00a0\u00bb2\/3&Prime; css=\u00a0\u00bb.vc_custom_1733966903457{margin-top: 0px !important;margin-right: 0px !important;margin-bottom: 0px !important;margin-left: 0px !important;padding-top: 0px !important;padding-right: 0px !important;padding-bottom: 0px !important;padding-left: 0px !important;background-color: #ededed !important;}\u00a0\u00bb][vc_wp_text]<div class=\"frm_forms  with_frm_style frm_style_style-formidable\" id=\"frm_form_2_container\" data-token=\"505f7bbd65f1c83eeb53c778dddd0726\">\n<form enctype=\"multipart\/form-data\" method=\"post\" class=\"frm-show-form \" id=\"form_lancement-formulaire\" data-token=\"505f7bbd65f1c83eeb53c778dddd0726\">\n<div class=\"frm_form_fields \">\n<fieldset>\n<legend class=\"frm_screen_reader\">Lancement - Formulaire<\/legend>\n\n<div class=\"frm_fields_container\">\n<input type=\"hidden\" name=\"frm_action\" value=\"create\" \/>\n<input type=\"hidden\" name=\"form_id\" value=\"2\" \/>\n<input type=\"hidden\" name=\"frm_hide_fields_2\" id=\"frm_hide_fields_2\" value=\"\" \/>\n<input type=\"hidden\" name=\"form_key\" value=\"lancement-formulaire\" \/>\n<input type=\"hidden\" name=\"item_meta[0]\" value=\"\" \/>\n<input type=\"hidden\" id=\"frm_submit_entry_2\" name=\"frm_submit_entry_2\" value=\"2a68e3cc8c\" \/><input type=\"hidden\" name=\"_wp_http_referer\" value=\"\/index.php?rest_route=%2Fwp%2Fv2%2Fpages%2F4636\" \/><div id=\"frm_field_7_container\" class=\"frm_form_field form-field  frm_required_field frm_top_container frm6 frm_first\">\n\t<label for=\"field_sj34k\" id=\"field_sj34k_label\" class=\"frm_primary_label\"> Nom et pr\u00e9nom\n\t\t<span class=\"frm_required\" aria-hidden=\"true\">*<\/span>\n\t<\/label>\n\t<input type=\"text\" id=\"field_sj34k\" name=\"item_meta[7]\" value=\"\"  data-reqmsg=\" Nom et pr\u00e9nom ne peut pas \u00eatre vide.\" aria-required=\"true\" data-invmsg=\" Nom et pr\u00e9nom est non valide\" aria-invalid=\"false\"  \/>\n\t\n\t\n<\/div>\n<div id=\"frm_field_8_container\" class=\"frm_form_field form-field  frm_required_field frm_top_container frm6\">\n\t<label for=\"field_97ucf\" id=\"field_97ucf_label\" class=\"frm_primary_label\">Email\n\t\t<span class=\"frm_required\" aria-hidden=\"true\">*<\/span>\n\t<\/label>\n\t<input type=\"email\" id=\"field_97ucf\" name=\"item_meta[8]\" value=\"\"  data-reqmsg=\"Email ne peut pas \u00eatre vide.\" aria-required=\"true\" data-invmsg=\"Email est non valide\" aria-invalid=\"false\"  \/>\n\t\n\t\n<\/div>\n<div id=\"frm_field_9_container\" class=\"frm_form_field form-field  frm_required_field frm_top_container frm6 frm_first vertical_radio\">\n\t<div  id=\"field_o9btu_label\" class=\"frm_primary_label\">Quelles courses aimeriez-vous aller voir ?\n\t\t<span class=\"frm_required\" aria-hidden=\"true\">*<\/span>\n\t<\/div>\n\t<div class=\"frm_opt_container\" aria-labelledby=\"field_o9btu_label\" role=\"group\">\t\t<div class=\"frm_checkbox\" id=\"frm_checkbox_9-0\">\t\t\t<label  for=\"field_o9btu-0\">\n\t\t\t<input type=\"checkbox\" name=\"item_meta[9][]\" id=\"field_o9btu-0\" value=\"Richmond\"  data-reqmsg=\"Quelles courses aimeriez-vous aller voir ? ne peut pas \u00eatre vide.\" data-invmsg=\"Quelles courses aimeriez-vous aller voir ? est non valide\" aria-invalid=\"false\"   aria-required=\"true\"  \/> Richmond<\/label><\/div>\n\t\t<div class=\"frm_checkbox\" id=\"frm_checkbox_9-1\">\t\t\t<label  for=\"field_o9btu-1\">\n\t\t\t<input type=\"checkbox\" name=\"item_meta[9][]\" id=\"field_o9btu-1\" value=\"Chicago\"  data-reqmsg=\"Quelles courses aimeriez-vous aller voir ? ne peut pas \u00eatre vide.\" data-invmsg=\"Quelles courses aimeriez-vous aller voir ? est non valide\" aria-invalid=\"false\"   \/> Chicago<\/label><\/div>\n\t\t<div class=\"frm_checkbox\" id=\"frm_checkbox_9-2\">\t\t\t<label  for=\"field_o9btu-2\">\n\t\t\t<input type=\"checkbox\" name=\"item_meta[9][]\" id=\"field_o9btu-2\" value=\"Phoenix\"  data-reqmsg=\"Quelles courses aimeriez-vous aller voir ? ne peut pas \u00eatre vide.\" data-invmsg=\"Quelles courses aimeriez-vous aller voir ? est non valide\" aria-invalid=\"false\"   \/> Phoenix<\/label><\/div>\n\t\t<div class=\"frm_checkbox\" id=\"frm_checkbox_9-3\">\t\t\t<label  for=\"field_o9btu-3\">\n\t\t\t<input type=\"checkbox\" name=\"item_meta[9][]\" id=\"field_o9btu-3\" value=\"Bristol\"  data-reqmsg=\"Quelles courses aimeriez-vous aller voir ? ne peut pas \u00eatre vide.\" data-invmsg=\"Quelles courses aimeriez-vous aller voir ? est non valide\" aria-invalid=\"false\"   \/> Bristol<\/label><\/div>\n\t\t<div class=\"frm_checkbox\" id=\"frm_checkbox_9-4\">\t\t\t<label  for=\"field_o9btu-4\">\n\t\t\t<input type=\"checkbox\" name=\"item_meta[9][]\" id=\"field_o9btu-4\" value=\"Martinsville\"  data-reqmsg=\"Quelles courses aimeriez-vous aller voir ? ne peut pas \u00eatre vide.\" data-invmsg=\"Quelles courses aimeriez-vous aller voir ? est non valide\" aria-invalid=\"false\"   \/> Martinsville<\/label><\/div>\n\t\t<div class=\"frm_checkbox\" id=\"frm_checkbox_9-5\">\t\t\t<label  for=\"field_o9btu-5\">\n\t\t\t<input type=\"checkbox\" name=\"item_meta[9][]\" id=\"field_o9btu-5\" value=\"Las Vegas\"  data-reqmsg=\"Quelles courses aimeriez-vous aller voir ? ne peut pas \u00eatre vide.\" data-invmsg=\"Quelles courses aimeriez-vous aller voir ? est non valide\" aria-invalid=\"false\"   \/> Las Vegas<\/label><\/div>\n<\/div>\n\t\n\t\n<\/div>\n<div id=\"frm_field_12_container\" class=\"frm_form_field form-field  frm_top_container frm6\">\n\t<label for=\"field_p99ch\" id=\"field_p99ch_label\" class=\"frm_primary_label\">D'autres courses ?\n\t\t<span class=\"frm_required\" aria-hidden=\"true\"><\/span>\n\t<\/label>\n\t<textarea name=\"item_meta[12]\" id=\"field_p99ch\"  data-invmsg=\"D&#039;autres courses ? est non valide\" aria-invalid=\"false\"  ><\/textarea>\n\t\n\t\n<\/div>\n<div id=\"frm_field_6_container\" class=\"frm_form_field form-field \">\n\t<div class=\"frm_submit frm_flex\">\n<button class=\"frm_button_submit\" type=\"submit\"  >Envoyer<\/button>\n\n\n\n<\/div>\n<\/div>\n\t<input type=\"hidden\" name=\"item_key\" value=\"\" \/>\n\t\t\t\t<div class=\"frm__675a37e2b3820\">\n\t\t\t\t<label for=\"frm_email_2\" >\n\t\t\t\t\tSi vous \u00eates un humain, ne remplissez pas ce champ.\t\t\t\t<\/label>\n\t\t\t\t<input  id=\"frm_email_2\" type=\"text\" class=\"frm_verify\" name=\"frm__675a37e2b3820\" value=\"\" autocomplete=\"off\"  \/>\n\t\t\t<\/div>\n\t\t<\/div>\n<\/fieldset>\n<\/div>\n\n<\/form>\n<\/div>\n[\/vc_wp_text][\/vc_column_inner][vc_column_inner width=\u00a0\u00bb1\/6&Prime;][\/vc_column_inner][\/vc_row_inner][\/vc_column][\/vc_row][\/vc_section][vc_row wrap_container=\u00a0\u00bbyes\u00a0\u00bb el_class=\u00a0\u00bbp-b-md\u00a0\u00bb conditional_render=\u00a0\u00bb%5B%7B%22value_role%22%3A%22administrator%22%7D%5D\u00a0\u00bb][vc_column el_class=\u00a0\u00bbinfo-box-small-wrap section-info-boxes\u00a0\u00bb]<h2 class=\"word-rotator slide  vc_custom_1678738984195 short mb-3\" style=\"font-size:32px;text-align:center;\" data-plugin-options=\"{'waittime': 2500, 'pauseOnHover': false}\"><span class=\"word-rotate-prefix\" style=\"font-weight:700;font-size:32px !important;\">Recevez le<\/span> <span class=\"word-rotator-items has-bg\" style=\"font-weight:700;color:#ffffff;background:#e10c32;\"><b class=\"active\">premier<\/b><\/span> <span class=\"word-rotate-suffix\" style=\"font-weight:700;font-size:32px !important;\">livret PDF<\/span><\/h2>[vc_custom_heading text=\u00a0\u00bbRecevez d\u00e9j\u00e0 les premi\u00e8res informations indispensables\u00a0\u00bb font_container=\u00a0\u00bbtag:h4|font_size:16.8|text_align:center|line_height:1&Prime; use_theme_fonts=\u00a0\u00bbyes\u00a0\u00bb css=\u00a0\u00bb.vc_custom_1678736823438{margin-bottom: 70px !important;}\u00a0\u00bb skin=\u00a0\u00bbprimary\u00a0\u00bb el_class=\u00a0\u00bbfont-weight-light text-uppercase\u00a0\u00bb][\/vc_column][\/vc_row][vc_row][vc_column width=\u00a0\u00bb1\/5&Prime;][\/vc_column][vc_column width=\u00a0\u00bb1\/5&Prime;]<div class=\"porto-sicon-box mb-4  wpb_custom_1efe903570d178ff0a9b7bfa5febd3a4 style_1 left-icon\"><div class=\"porto-sicon-left\"><div class=\"porto-just-icon-wrapper porto-icon none\" style=\"color:#0088cc;font-size:27px;\"><i class=\"far fa-id-card\"><\/i><\/div><\/div><div class=\"porto-sicon-body\"><div class=\"porto-sicon-header\"><h3 class=\"porto-sicon-title\" style=\"font-weight:700;font-size:16.8px;\">Formalit\u00e9s d'entr\u00e9e<\/h3><\/div> <!-- header --><div class=\"porto-sicon-description\" style=\"\">\n<div class=\"col_one_third\">\n<div class=\"feature-box fbox-effect\">\n<p>De quels documents avez-vous besoin pour entrer aux \u00c9tats-Unis ?<\/p><\/div>\n<\/div>\n<p><\/div> <!-- description --><\/div><\/div><!-- porto-sicon-box --><div class=\"porto-sicon-box mb-4  wpb_custom_1efe903570d178ff0a9b7bfa5febd3a4 style_1 left-icon\"><div class=\"porto-sicon-left\"><div class=\"porto-just-icon-wrapper porto-icon none\" style=\"color:#0088cc;font-size:27px;\"><i class=\"fas fa-bed\"><\/i><\/div><\/div><div class=\"porto-sicon-body\"><div class=\"porto-sicon-header\"><h3 class=\"porto-sicon-title\" style=\"font-weight:700;font-size:16.8px;\">H\u00e9bergements<\/h3><\/div> <!-- header --><div class=\"porto-sicon-description\" style=\"\">\n<div class=\"col_one_third\">\n<div class=\"feature-box fbox-effect\">\n<p>Comment bien choisir ses h\u00e9bergement pour le voyage ?<\/p><\/div>\n<\/div>\n<p><\/div> <!-- description --><\/div><\/div><!-- porto-sicon-box -->[\/vc_column][vc_column width=\u00a0\u00bb1\/5&Prime;]<div class=\"porto-sicon-box mb-4  wpb_custom_1efe903570d178ff0a9b7bfa5febd3a4 style_1 left-icon\"><div class=\"porto-sicon-left\"><div class=\"porto-just-icon-wrapper porto-icon none\" style=\"color:#0088cc;font-size:27px;\"><i class=\"fas fa-info-circle\"><\/i><\/div><\/div><div class=\"porto-sicon-body\"><div class=\"porto-sicon-header\"><h3 class=\"porto-sicon-title\" style=\"font-weight:700;font-size:16.8px;\">Informations utiles<\/h3><\/div> <!-- header --><div class=\"porto-sicon-description\" style=\"\">\n<div class=\"col_one_third\">\n<div class=\"feature-box fbox-effect\">\n<p>Les petites choses utiles auxquelles on ne pense pas forc\u00e9ment.<\/p><\/div>\n<\/div>\n<div class=\"col_one_third col_last\">\n<div class=\"feature-box fbox-effect\">\n<div class=\"fbox-icon\"><\/div>\n<\/div>\n<\/div>\n<p><\/div> <!-- description --><\/div><\/div><!-- porto-sicon-box --><div class=\"porto-sicon-box mb-4  wpb_custom_1efe903570d178ff0a9b7bfa5febd3a4 style_1 left-icon\"><div class=\"porto-sicon-left\"><div class=\"porto-just-icon-wrapper porto-icon none\" style=\"color:#0088cc;font-size:27px;\"><i class=\"fas fa-key\"><\/i><\/div><\/div><div class=\"porto-sicon-body\"><div class=\"porto-sicon-header\"><h3 class=\"porto-sicon-title\" style=\"font-weight:700;font-size:16.8px;\">Location de voiture<\/h3><\/div> <!-- header --><div class=\"porto-sicon-description\" style=\"\">\n<div class=\"col_one_third\">\n<div class=\"feature-box fbox-effect\">\n<p>Les astuces pour louer une voiture en toute tranquillit\u00e9.<\/p><\/div>\n<\/div>\n<p><\/div> <!-- description --><\/div><\/div><!-- porto-sicon-box -->[\/vc_column][vc_column width=\u00a0\u00bb1\/5&Prime;]<div class=\"porto-sicon-box mb-4  wpb_custom_1efe903570d178ff0a9b7bfa5febd3a4 style_1 left-icon\"><div class=\"porto-sicon-left\"><div class=\"porto-just-icon-wrapper porto-icon none\" style=\"color:#0088cc;font-size:27px;\"><i class=\"far fa-calendar-check\"><\/i><\/div><\/div><div class=\"porto-sicon-body\"><div class=\"porto-sicon-header\"><h3 class=\"porto-sicon-title\" style=\"font-weight:700;font-size:16.8px;\">Checklist<\/h3><\/div> <!-- header --><div class=\"porto-sicon-description\" style=\"\">\n<div class=\"col_one_third col_last\">\n<div class=\"feature-box fbox-effect\">\n<p>Une checklist valable pour n&rsquo;importe quel voyage pour ne rien oublier d&rsquo;important.<\/p><\/div>\n<\/div>\n<p><\/div> <!-- description --><\/div><\/div><!-- porto-sicon-box --><div class=\"porto-sicon-box mb-4  wpb_custom_1efe903570d178ff0a9b7bfa5febd3a4 style_1 left-icon\"><div class=\"porto-sicon-left\"><div class=\"porto-just-icon-wrapper porto-icon none\" style=\"color:#0088cc;font-size:27px;\"><i class=\"fas fa-car\"><\/i><\/div><\/div><div class=\"porto-sicon-body\"><div class=\"porto-sicon-header\"><h3 class=\"porto-sicon-title\" style=\"font-weight:700;font-size:16.8px;\">NASCAR<\/h3><\/div> <!-- header --><div class=\"porto-sicon-description\" style=\"\">Les infos et astuces pour profiter pleinement du jour de la course.<\/div> <!-- description --><\/div><\/div><!-- porto-sicon-box -->[\/vc_column][vc_column width=\u00a0\u00bb1\/5&Prime;][\/vc_column][\/vc_row][vc_section conditional_render=\u00a0\u00bb%5B%7B%22value_role%22%3A%22administrator%22%7D%5D\u00a0\u00bb css=\u00a0\u00bb.vc_custom_1678739290395{background-color: #d8d8d8 !important;}\u00a0\u00bb][vc_row][vc_column]<h2 class=\"word-rotator slide  vc_custom_1678989748738 short mb-3\" style=\"font-size:32px;text-align:center;\" data-plugin-options=\"{'waittime': 2500, 'pauseOnHover': false}\"><span class=\"word-rotate-prefix\" style=\"font-weight:700;font-size:32px !important;\">En quoi consiste<\/span> <span class=\"word-rotator-items has-bg\" style=\"font-weight:700;color:#ffffff;background:#e10c32;\"><b class=\"active\">Voyages NASCAR<\/b><\/span> <span class=\"word-rotate-suffix\" style=\"font-weight:700;font-size:32px !important;\">?<\/span><\/h2>[vc_custom_heading text=\u00a0\u00bbQuelle est l&rsquo;id\u00e9e derri\u00e8re ce site ?\u00a0\u00bb font_container=\u00a0\u00bbtag:h4|font_size:16.8|text_align:center|line_height:1&Prime; use_theme_fonts=\u00a0\u00bbyes\u00a0\u00bb css=\u00a0\u00bb.vc_custom_1730252595511{margin-bottom: 70px !important;}\u00a0\u00bb skin=\u00a0\u00bbprimary\u00a0\u00bb el_class=\u00a0\u00bbfont-weight-light text-uppercase\u00a0\u00bb][\/vc_column][\/vc_row][\/vc_section][vc_row conditional_render=\u00a0\u00bb%5B%7B%22value_role%22%3A%22administrator%22%7D%5D\u00a0\u00bb css=\u00a0\u00bb.vc_custom_1678739299976{background-color: #d8d8d8 !important;}\u00a0\u00bb][vc_column width=\u00a0\u00bb1\/5&Prime;][\/vc_column][vc_column width=\u00a0\u00bb1\/5&Prime;]<div class=\"porto-content-box featured-boxes wpb_content_element \"><div class=\"featured-box featured-box-tertiary featured-box-effect-1\"><div class=\"box-content\" style=\"\"><i class=\"icon-featured fas fa-mouse-pointer\"><\/i>[vc_column_text]<\/p>\n<h4 class=\"text-uppercase font-size-md font-weight-bold text-color-dark\"><strong>Choisissez<\/strong><\/h4>\n<p>un itin\u00e9raire en fonction de la course et de la dur\u00e9e du s\u00e9jour[\/vc_column_text]<\/div><\/div><\/div>[\/vc_column][vc_column width=\u00a0\u00bb1\/5&Prime;]<div class=\"porto-content-box featured-boxes wpb_content_element \"><div class=\"featured-box featured-box-secondary featured-box-effect-1\"><div class=\"box-content\" style=\"\"><i class=\"icon-featured far fa-credit-card\"><\/i>[vc_column_text]<\/p>\n<h4 class=\"text-uppercase font-size-md font-weight-bold text-color-dark\"><strong>R\u00e9servez<\/strong><\/h4>\n<p>ce que vous voulez<br \/>\nquand vous voulez[\/vc_column_text]<\/div><\/div><\/div>[\/vc_column][vc_column width=\u00a0\u00bb1\/5&Prime;]<div class=\"porto-content-box featured-boxes wpb_content_element \"><div class=\"featured-box featured-box-primary featured-box-effect-1\"><div class=\"box-content\" style=\"\"><i class=\"icon-featured fas fa-suitcase-rolling\"><\/i>[vc_column_text]<\/p>\n<h4 class=\"text-uppercase font-size-md font-weight-bold text-color-dark\"><strong>Partez<\/strong><\/h4>\n<p>pour profiter pleinement de cette exp\u00e9rience NASCAR[\/vc_column_text]<\/div><\/div><\/div>[\/vc_column][vc_column width=\u00a0\u00bb1\/5&Prime;][\/vc_column][\/vc_row][vc_row][vc_column][\/vc_column][\/vc_row]<\/p>\n<\/div>","protected":false},"excerpt":{"rendered":"<p>[vc_section conditional_render=\u00a0\u00bb%5B%7B%22value_role%22%3A%22administrator%22%7D%5D\u00a0\u00bb css=\u00a0\u00bb.vc_custom_1679662500703{background-color: #f1f0f0 !important;}\u00a0\u00bb][vc_row][vc_column width=\u00a0\u00bb1\/6&Prime;][\/vc_column][vc_column width=\u00a0\u00bb2\/3&Prime;][vc_cta h2=\u00a0\u00bbVous r\u00eavez d&rsquo;assister \u00e0 une course de NASCAR ?\u00a0\u00bb h4=\u00a0\u00bbVous n&rsquo;avez pas le temps de pr\u00e9parer votre voyage ?\u00a0\u00bb txt_align=\u00a0\u00bbcenter\u00a0\u00bb css=\u00a0\u00bb.vc_custom_1730253214336{background-color: #e5e5e5 !important;border-radius: 35px !important;border-color: var(&#8211;porto-secondary-color) !important;}\u00a0\u00bb] Vous ne savez pas par o\u00f9 commencer vos recherches ? Vous \u00eates au bon endroit. Mon but est de vous aider [&hellip;]<\/p>\n","protected":false},"author":1,"featured_media":0,"parent":0,"menu_order":0,"comment_status":"closed","ping_status":"closed","template":"","meta":{"content-type":"","footnotes":""},"class_list":["post-4636","page","type-page","status-publish","hentry"],"_links":{"self":[{"href":"https:\/\/nascar.virginie-bitterlin.com\/index.php?rest_route=\/wp\/v2\/pages\/4636","targetHints":{"allow":["GET"]}}],"collection":[{"href":"https:\/\/nascar.virginie-bitterlin.com\/index.php?rest_route=\/wp\/v2\/pages"}],"about":[{"href":"https:\/\/nascar.virginie-bitterlin.com\/index.php?rest_route=\/wp\/v2\/types\/page"}],"author":[{"embeddable":true,"href":"https:\/\/nascar.virginie-bitterlin.com\/index.php?rest_route=\/wp\/v2\/users\/1"}],"replies":[{"embeddable":true,"href":"https:\/\/nascar.virginie-bitterlin.com\/index.php?rest_route=%2Fwp%2Fv2%2Fcomments&post=4636"}],"version-history":[{"count":18,"href":"https:\/\/nascar.virginie-bitterlin.com\/index.php?rest_route=\/wp\/v2\/pages\/4636\/revisions"}],"predecessor-version":[{"id":6886,"href":"https:\/\/nascar.virginie-bitterlin.com\/index.php?rest_route=\/wp\/v2\/pages\/4636\/revisions\/6886"}],"wp:attachment":[{"href":"https:\/\/nascar.virginie-bitterlin.com\/index.php?rest_route=%2Fwp%2Fv2%2Fmedia&parent=4636"}],"curies":[{"name":"wp","href":"https:\/\/api.w.org\/{rel}","templated":true}]}}